{"id":2625,"date":"2018-09-06T15:13:08","date_gmt":"2018-09-06T13:13:08","guid":{"rendered":"https:\/\/www.fundacionidiomas.eus\/idiomas-live\/"},"modified":"2018-09-08T11:38:13","modified_gmt":"2018-09-08T09:38:13","slug":"idiomas-live","status":"publish","type":"page","link":"https:\/\/www.fundacionidiomas.eus\/eu\/idiomas-live\/","title":{"rendered":"Idiomas Live!"},"content":{"rendered":"<p>[vc_row][vc_column width=&#8221;2\/3&#8243; el_class=&#8221;separadorleft&#8221;][vc_custom_heading text=&#8221;ZER DA IDIOMAS LIVE!&#8230;&#8221; use_theme_fonts=&#8221;yes&#8221; css=&#8221;.vc_custom_1536310159515{margin-bottom: 20px !important;}&#8221;][stm_color_separator color=&#8221;#db5b14&#8243;][vc_column_text]Live hizkuntzak ingelesa ikasten duten ikasleek hizkuntza jarduera akademikotik at eta jolas ingurune batean bizitzeko daude pentsatuak eta diseinatuak, gure ikastaroetan barneratzen ari diren ezaguerak erabiltzeko, erosoen sentitzen diren jardueretan aplikatzeko eta praktikan jarri ahal izateko modua izan dezaten, ikasi dutena erabilgarria dela ohartuz.[\/vc_column_text][\/vc_column][vc_column width=&#8221;1\/3&#8243;][vc_single_image image=&#8221;2564&#8243; img_size=&#8221;full&#8221; alignment=&#8221;center&#8221; css_animation=&#8221;bounceInRight&#8221;][\/vc_column][\/vc_row][vc_row full_width=&#8221;stretch_row&#8221; css=&#8221;.vc_custom_1536257519594{margin-top: 0px !important;margin-bottom: 0px !important;padding-top: 40px !important;padding-bottom: 40px !important;background-color: #f0f0f0 !important;}&#8221;][vc_column][vc_row_inner][vc_column_inner width=&#8221;1\/4&#8243;][vc_single_image image=&#8221;2582&#8243; img_size=&#8221;full&#8221; alignment=&#8221;center&#8221; css=&#8221;.vc_custom_1536255737531{padding-right: 20px !important;padding-left: 20px !important;}&#8221;][vc_column_text]Antzerki tailerra. Erabil ezazu ingelesez ikasten ari zarena beste ikasleekin jendaurrean hitz egiteko, sketch laburrak eginez hasita, hiruhilekoaren bukaeran antzezpen batekin amaitzeko.[\/vc_column_text][\/vc_column_inner][vc_column_inner width=&#8221;1\/4&#8243;][vc_single_image image=&#8221;2589&#8243; img_size=&#8221;full&#8221; alignment=&#8221;center&#8221; css=&#8221;.vc_custom_1536256711936{padding-right: 20px !important;padding-left: 20px !important;}&#8221;][vc_column_text]Erabil itzazu zure ingeleseko ezagutzak eta gaitasunak taldekideekin batera igarkizunak eta asmakizunak ebazteko eta gainerakoak baino lehen &#8220;libratu&#8221; ahal izateko.[\/vc_column_text][\/vc_column_inner][vc_column_inner width=&#8221;1\/4&#8243;][vc_single_image image=&#8221;2593&#8243; img_size=&#8221;full&#8221; alignment=&#8221;center&#8221; css=&#8221;.vc_custom_1536256724813{padding-right: 20px !important;padding-left: 20px !important;}&#8221;][vc_column_text]Musikaren bidez gozatuz ikastea. Erabil ezazu ingelesa zure gustuko abestiekin nahiz saio monografikoekin gozatzeko, estilo, gai, garai eta abar bereiziz.[\/vc_column_text][\/vc_column_inner][vc_column_inner width=&#8221;1\/4&#8243;][vc_single_image image=&#8221;2584&#8243; img_size=&#8221;full&#8221; alignment=&#8221;center&#8221; css=&#8221;.vc_custom_1536257103413{padding-top: 30px !important;padding-right: 0px !important;padding-bottom: 20px !important;padding-left: 0px !important;}&#8221;][vc_column_text]Eskulan tailerrak. Erabil ezazu ingelesa material birziklagarriekin &#8211; modelatzako pasta, paper-txori, oihalki eta abar &#8211; zure artelanak egiteko.[\/vc_column_text][\/vc_column_inner][\/vc_row_inner][vc_row_inner][vc_column_inner width=&#8221;1\/4&#8243;][vc_single_image image=&#8221;2591&#8243; img_size=&#8221;full&#8221; alignment=&#8221;center&#8221; css=&#8221;.vc_custom_1536256752420{padding-right: 20px !important;padding-left: 20px !important;}&#8221;][vc_column_text]Hainbat albiste era desberdinean idaztea eta argitaratzea, gure blogak erabiliz. Bizi ezazu zeure albiste eta artikuluak bilatu, idatzi eta argitaratzeko esperientzia, gure blogen bitartez zu bezalako beste ikasleenganaino iristeko.[\/vc_column_text][\/vc_column_inner][vc_column_inner width=&#8221;1\/4&#8243;][vc_single_image image=&#8221;2595&#8243; img_size=&#8221;full&#8221; alignment=&#8221;center&#8221; css=&#8221;.vc_custom_1536256980792{padding-right: 20px !important;padding-left: 20px !important;}&#8221;][vc_column_text]Atorrizko bertsioko zinemarekin gozatzea. Ongi pasatzea eta entretenimendua, zure gustuko filmen jatorrizko ahotsekin ikasten duzun bitartean. Eta erne baldin bazaude, azkenean sariren bat ere izango da.[\/vc_column_text][\/vc_column_inner][vc_column_inner width=&#8221;1\/4&#8243;][vc_single_image image=&#8221;2597&#8243; img_size=&#8221;full&#8221; alignment=&#8221;center&#8221; css=&#8221;.vc_custom_1536256990998{padding-right: 20px !important;padding-left: 20px !important;}&#8221;][vc_column_text]Txikienentzat: marrakiak, jolasak, abestiak eta abar, ingelesez. Ongi pasatuz ikastea.[\/vc_column_text][\/vc_column_inner][vc_column_inner width=&#8221;1\/4&#8243;][\/vc_column_inner][\/vc_row_inner][\/vc_column][\/vc_row][vc_row][vc_column][vc_custom_heading text=&#8221;2018-19 IKASTURTE<br \/>\nEGUTEGIA &#8211; ORDUTEGIA &#8211; PREZIOAK&#8221; font_container=&#8221;tag:h3|font_size:30px|text_align:center&#8221; use_theme_fonts=&#8221;yes&#8221; css=&#8221;.vc_custom_1536313606482{margin-bottom: 20px !important;}&#8221;][stm_color_separator color=&#8221;#db5b14&#8243;][vc_row_inner][vc_column_inner width=&#8221;1\/3&#8243;][stm_icon_box hover_pos=&#8221;none&#8221; icon=&#8221;fa fa-file-download&#8221; icon_size=&#8221;200&#8243; icon_height=&#8221;200&#8243; icon_color=&#8221;#000000&#8243; css=&#8221;.vc_custom_1536313553925{padding-top: 0px !important;}&#8221; title=&#8221;LIBURUXKA JAITSI&#8221; link=&#8221;url:https%3A%2F%2Fwww.fundacionidiomas.eus%2Fwp-content%2Fuploads%2F2018%2F09%2Fidiomas-live.pdf||target:%20_blank|&#8221;][\/stm_icon_box][\/vc_column_inner][vc_column_inner width=&#8221;2\/3&#8243;][vc_column_text]Jarduerak ikasturtearen lehen hiruhileko ostiral guztietan egingo dira:<\/p>\n<p><strong>Urria<\/strong>: 5, 15 eta 26an<br \/>\n<strong>Azaroa<\/strong>: 9, 16, 23 eta 30ean<br \/>\n<strong>Abendua<\/strong>: 4 eta 21ean<\/p>\n<p><strong>Ordutegia<\/strong>: 16:30ean izango dira beti eta jarduerak 1h eta 30 minutu iraungo du.<\/p>\n<p><strong>Drama Workshop<br \/>\n<\/strong>90\u20ac hiruhileko osoa \/ 85\u20ac hizkuntzen txartelarekin.<\/p>\n<p><strong>eNews<br \/>\n<\/strong>120\u20ac hiruhileko osoa \/ 110\u20ac hizkuntzen txartelarekin.<\/p>\n<p><strong>Arts &amp; Crafts<br \/>\n<\/strong>120\u20ac\u00a0hiruhileko osoa &#8211; 15\u20ac ostiral bakoitzeko \/ 110\u20ac &#8211; 13\u20ac hizkuntzen txartelarekin.<\/p>\n<p><strong>Music Jukebox \/ Fun Cinema \/ Escape Room \/ Games Corner<br \/>\n<\/strong>80 \u20ac hiruhileko osoa &#8211; 10 \u20ac ostiral bakoitzeko \/ 75 \u20ac &#8211; 8 \u20ac hizkuntzen txartelarekin.[\/vc_column_text][\/vc_column_inner][\/vc_row_inner][\/vc_column][\/vc_row][vc_row full_width=&#8221;stretch_row&#8221; css=&#8221;.vc_custom_1536307624974{margin-bottom: -50px !important;background-color: #000000 !important;}&#8221;][vc_column][vc_row_inner][vc_column_inner el_class=&#8221;relojhorario&#8221; width=&#8221;1\/3&#8243;][stm_icon_box hover_pos=&#8221;none&#8221; icon=&#8221;fa-icon-stm_icon_doc_edit&#8221; icon_size=&#8221;120&#8243; icon_height=&#8221;&#8221; icon_color=&#8221;#db5b14&#8243;][\/stm_icon_box][\/vc_column_inner][vc_column_inner el_class=&#8221;separadorleft&#8221; width=&#8221;2\/3&#8243;][vc_custom_heading text=&#8221;IZEN EMATEA&#8221; font_container=&#8221;tag:h2|text_align:left|color:%23db5b14&#8243; use_theme_fonts=&#8221;yes&#8221; css=&#8221;.vc_custom_1536313945594{margin-bottom: 20px !important;}&#8221;][stm_color_separator color=&#8221;#db5b14&#8243; css=&#8221;.vc_custom_1525698859382{margin-bottom: 20px !important;}&#8221;][vc_column_text el_class=&#8221;txtblanco&#8221;]Bete ezazu izen emateko orria zure izen-abizenak, adin, email, jarduera, data eta kontuan diru sarrera egin denaren ordainagiriarekin (ES22 2095 0611 0410 9011 5691).<\/p>\n<p>Jarduera hasiera baino astebete lehenago egina izan behar duzu (Drama Workshop eta eNews) edo hasi nahi duzun ostirala baino astebete lehenago.<br \/>\nJarduerak egin ahal izateko beharrezkoa da gutxieneko kide kopuru egoki bat osatzea.[\/vc_column_text][vc_column_text][\/vc_column_text][vc_btn title=&#8221;DESKARGATU INPRIMAKIA&#8221; style=&#8221;outline&#8221; shape=&#8221;square&#8221; color=&#8221;white&#8221; custom_onclick=&#8221;true&#8221; link=&#8221;url:https%3A%2F%2Fwww.fundacionidiomas.eus%2Fwp-content%2Fuploads%2Fidiomaslive%2Finscripcion-idiomas-live-2018.pdf|title:Inscripci%C3%B3n%20Idiomas%20Live!|target:%20_blank|&#8221; custom_onclick_code=&#8221;ga(&#8216;send&#8217;, &#8216;event&#8217;, &#8216;descargas&#8217;, &#8216;PDF&#8217;, &#8216;impreso_matriculacion&#8217;);&#8221;][\/vc_column_inner][\/vc_row_inner][\/vc_column][\/vc_row]<\/p>\n","protected":false},"excerpt":{"rendered":"<p>[vc_row][vc_column width=&#8221;2\/3&#8243; el_class=&#8221;separadorleft&#8221;][vc_custom_heading text=&#8221;ZER DA IDIOMAS LIVE!&#8230;&#8221; use_theme_fonts=&#8221;yes&#8221; css=&#8221;.vc_custom_1536310159515{margin-bottom: 20px !important;}&#8221;][stm_color_separator color=&#8221;#db5b14&#8243;][vc_column_text]Live hizkuntzak ingelesa ikasten duten ikasleek hizkuntza jarduera akademikotik at eta jolas ingurune batean bizitzeko daude pentsatuak eta diseinatuak, gure ikastaroetan barneratzen ari diren ezaguerak erabiltzeko, erosoen sentitzen diren jardueretan aplikatzeko eta praktikan jarri ahal izateko modua izan dezaten, ikasi dutena erabilgarria dela ohartuz.[\/vc_column_text][\/vc_column][vc_column [&hellip;]<\/p>\n","protected":false},"author":2,"featured_media":0,"parent":0,"menu_order":0,"comment_status":"closed","ping_status":"open","template":"","meta":[],"yoast_head":"<!-- This site is optimized with the Yoast SEO plugin v21.2 - https:\/\/yoast.com\/wordpress\/plugins\/seo\/ -->\n<title>Idiomas Live! - VITAL HIZKUNTZA FUNDAZIOA<\/title>\n<meta name=\"description\" content=\"Cursos para aprender alem\u00e1n dirigidos a adultos y j\u00f3venes a partir de 12 a\u00f1os.Clases amenas, asesor\u00eda para ex\u00e1menes oficiales, laboratorio de audio digital\" \/>\n<meta name=\"robots\" content=\"index, follow, max-snippet:-1, max-image-preview:large, max-video-preview:-1\" \/>\n<link rel=\"canonical\" href=\"https:\/\/www.fundacionidiomas.eus\/idiomas-live\/\" \/>\n<meta property=\"og:locale\" content=\"en_US\" \/>\n<meta property=\"og:type\" content=\"article\" \/>\n<meta property=\"og:title\" content=\"Idiomas Live! - VITAL HIZKUNTZA FUNDAZIOA\" \/>\n<meta property=\"og:description\" content=\"Cursos para aprender alem\u00e1n dirigidos a adultos y j\u00f3venes a partir de 12 a\u00f1os.Clases amenas, asesor\u00eda para ex\u00e1menes oficiales, laboratorio de audio digital\" \/>\n<meta property=\"og:url\" content=\"https:\/\/www.fundacionidiomas.eus\/idiomas-live\/\" \/>\n<meta property=\"og:site_name\" content=\"VITAL HIZKUNTZA FUNDAZIOA\" \/>\n<meta property=\"article:publisher\" content=\"https:\/\/www.facebook.com\/IdiomasVital\/\" \/>\n<meta property=\"article:modified_time\" content=\"2018-09-08T09:38:13+00:00\" \/>\n<meta name=\"twitter:card\" content=\"summary_large_image\" \/>\n<meta name=\"twitter:label1\" content=\"Est. reading time\" \/>\n\t<meta name=\"twitter:data1\" content=\"5 minutua\" \/>\n<script type=\"application\/ld+json\" class=\"yoast-schema-graph\">{\"@context\":\"https:\/\/schema.org\",\"@graph\":[{\"@type\":\"WebPage\",\"@id\":\"https:\/\/www.fundacionidiomas.eus\/idiomas-live\/\",\"url\":\"https:\/\/www.fundacionidiomas.eus\/idiomas-live\/\",\"name\":\"Idiomas Live! - VITAL HIZKUNTZA FUNDAZIOA\",\"isPartOf\":{\"@id\":\"https:\/\/www.fundacionidiomas.eus\/#website\"},\"datePublished\":\"2018-09-06T13:13:08+00:00\",\"dateModified\":\"2018-09-08T09:38:13+00:00\",\"description\":\"Cursos para aprender alem\u00e1n dirigidos a adultos y j\u00f3venes a partir de 12 a\u00f1os.Clases amenas, asesor\u00eda para ex\u00e1menes oficiales, laboratorio de audio digital\",\"breadcrumb\":{\"@id\":\"https:\/\/www.fundacionidiomas.eus\/idiomas-live\/#breadcrumb\"},\"inLanguage\":\"eu\",\"potentialAction\":[{\"@type\":\"ReadAction\",\"target\":[\"https:\/\/www.fundacionidiomas.eus\/idiomas-live\/\"]}]},{\"@type\":\"BreadcrumbList\",\"@id\":\"https:\/\/www.fundacionidiomas.eus\/idiomas-live\/#breadcrumb\",\"itemListElement\":[{\"@type\":\"ListItem\",\"position\":1,\"name\":\"Portada\",\"item\":\"https:\/\/www.fundacionidiomas.eus\/\"},{\"@type\":\"ListItem\",\"position\":2,\"name\":\"Idiomas Live!\"}]},{\"@type\":\"WebSite\",\"@id\":\"https:\/\/www.fundacionidiomas.eus\/#website\",\"url\":\"https:\/\/www.fundacionidiomas.eus\/\",\"name\":\"VITAL HIZKUNTZA FUNDAZIOA\",\"description\":\"Vital Hizkuntza Fundazioak, Vital Fundazioaren barruan, Arabako gazteei eta helduei, funtsean 16 urtetik beherakoei, ingelesa irakasten eta 12 urtetik gorakoei alemana eta frantsesa irakasten dihardu.\",\"publisher\":{\"@id\":\"https:\/\/www.fundacionidiomas.eus\/#organization\"},\"potentialAction\":[{\"@type\":\"SearchAction\",\"target\":{\"@type\":\"EntryPoint\",\"urlTemplate\":\"https:\/\/www.fundacionidiomas.eus\/?s={search_term_string}\"},\"query-input\":\"required name=search_term_string\"}],\"inLanguage\":\"eu\"},{\"@type\":\"Organization\",\"@id\":\"https:\/\/www.fundacionidiomas.eus\/#organization\",\"name\":\"FUNDACION IDIOMAS VITAL\",\"url\":\"https:\/\/www.fundacionidiomas.eus\/\",\"logo\":{\"@type\":\"ImageObject\",\"inLanguage\":\"eu\",\"@id\":\"https:\/\/www.fundacionidiomas.eus\/#\/schema\/logo\/image\/\",\"url\":\"https:\/\/www.fundacionidiomas.eus\/wp-content\/uploads\/2018\/04\/nuevo-logo-footer.png\",\"contentUrl\":\"https:\/\/www.fundacionidiomas.eus\/wp-content\/uploads\/2018\/04\/nuevo-logo-footer.png\",\"width\":100,\"height\":45,\"caption\":\"FUNDACION IDIOMAS VITAL\"},\"image\":{\"@id\":\"https:\/\/www.fundacionidiomas.eus\/#\/schema\/logo\/image\/\"},\"sameAs\":[\"https:\/\/www.facebook.com\/IdiomasVital\/\"]}]}<\/script>\n<!-- \/ Yoast SEO plugin. -->","yoast_head_json":{"title":"Idiomas Live! - VITAL HIZKUNTZA FUNDAZIOA","description":"Cursos para aprender alem\u00e1n dirigidos a adultos y j\u00f3venes a partir de 12 a\u00f1os.Clases amenas, asesor\u00eda para ex\u00e1menes oficiales, laboratorio de audio digital","robots":{"index":"index","follow":"follow","max-snippet":"max-snippet:-1","max-image-preview":"max-image-preview:large","max-video-preview":"max-video-preview:-1"},"canonical":"https:\/\/www.fundacionidiomas.eus\/idiomas-live\/","og_locale":"en_US","og_type":"article","og_title":"Idiomas Live! - VITAL HIZKUNTZA FUNDAZIOA","og_description":"Cursos para aprender alem\u00e1n dirigidos a adultos y j\u00f3venes a partir de 12 a\u00f1os.Clases amenas, asesor\u00eda para ex\u00e1menes oficiales, laboratorio de audio digital","og_url":"https:\/\/www.fundacionidiomas.eus\/idiomas-live\/","og_site_name":"VITAL HIZKUNTZA FUNDAZIOA","article_publisher":"https:\/\/www.facebook.com\/IdiomasVital\/","article_modified_time":"2018-09-08T09:38:13+00:00","twitter_card":"summary_large_image","twitter_misc":{"Est. reading time":"5 minutua"},"schema":{"@context":"https:\/\/schema.org","@graph":[{"@type":"WebPage","@id":"https:\/\/www.fundacionidiomas.eus\/idiomas-live\/","url":"https:\/\/www.fundacionidiomas.eus\/idiomas-live\/","name":"Idiomas Live! - VITAL HIZKUNTZA FUNDAZIOA","isPartOf":{"@id":"https:\/\/www.fundacionidiomas.eus\/#website"},"datePublished":"2018-09-06T13:13:08+00:00","dateModified":"2018-09-08T09:38:13+00:00","description":"Cursos para aprender alem\u00e1n dirigidos a adultos y j\u00f3venes a partir de 12 a\u00f1os.Clases amenas, asesor\u00eda para ex\u00e1menes oficiales, laboratorio de audio digital","breadcrumb":{"@id":"https:\/\/www.fundacionidiomas.eus\/idiomas-live\/#breadcrumb"},"inLanguage":"eu","potentialAction":[{"@type":"ReadAction","target":["https:\/\/www.fundacionidiomas.eus\/idiomas-live\/"]}]},{"@type":"BreadcrumbList","@id":"https:\/\/www.fundacionidiomas.eus\/idiomas-live\/#breadcrumb","itemListElement":[{"@type":"ListItem","position":1,"name":"Portada","item":"https:\/\/www.fundacionidiomas.eus\/"},{"@type":"ListItem","position":2,"name":"Idiomas Live!"}]},{"@type":"WebSite","@id":"https:\/\/www.fundacionidiomas.eus\/#website","url":"https:\/\/www.fundacionidiomas.eus\/","name":"VITAL HIZKUNTZA FUNDAZIOA","description":"Vital Hizkuntza Fundazioak, Vital Fundazioaren barruan, Arabako gazteei eta helduei, funtsean 16 urtetik beherakoei, ingelesa irakasten eta 12 urtetik gorakoei alemana eta frantsesa irakasten dihardu.","publisher":{"@id":"https:\/\/www.fundacionidiomas.eus\/#organization"},"potentialAction":[{"@type":"SearchAction","target":{"@type":"EntryPoint","urlTemplate":"https:\/\/www.fundacionidiomas.eus\/?s={search_term_string}"},"query-input":"required name=search_term_string"}],"inLanguage":"eu"},{"@type":"Organization","@id":"https:\/\/www.fundacionidiomas.eus\/#organization","name":"FUNDACION IDIOMAS VITAL","url":"https:\/\/www.fundacionidiomas.eus\/","logo":{"@type":"ImageObject","inLanguage":"eu","@id":"https:\/\/www.fundacionidiomas.eus\/#\/schema\/logo\/image\/","url":"https:\/\/www.fundacionidiomas.eus\/wp-content\/uploads\/2018\/04\/nuevo-logo-footer.png","contentUrl":"https:\/\/www.fundacionidiomas.eus\/wp-content\/uploads\/2018\/04\/nuevo-logo-footer.png","width":100,"height":45,"caption":"FUNDACION IDIOMAS VITAL"},"image":{"@id":"https:\/\/www.fundacionidiomas.eus\/#\/schema\/logo\/image\/"},"sameAs":["https:\/\/www.facebook.com\/IdiomasVital\/"]}]}},"_links":{"self":[{"href":"https:\/\/www.fundacionidiomas.eus\/eu\/wp-json\/wp\/v2\/pages\/2625"}],"collection":[{"href":"https:\/\/www.fundacionidiomas.eus\/eu\/wp-json\/wp\/v2\/pages"}],"about":[{"href":"https:\/\/www.fundacionidiomas.eus\/eu\/wp-json\/wp\/v2\/types\/page"}],"author":[{"embeddable":true,"href":"https:\/\/www.fundacionidiomas.eus\/eu\/wp-json\/wp\/v2\/users\/2"}],"replies":[{"embeddable":true,"href":"https:\/\/www.fundacionidiomas.eus\/eu\/wp-json\/wp\/v2\/comments?post=2625"}],"version-history":[{"count":9,"href":"https:\/\/www.fundacionidiomas.eus\/eu\/wp-json\/wp\/v2\/pages\/2625\/revisions"}],"predecessor-version":[{"id":2649,"href":"https:\/\/www.fundacionidiomas.eus\/eu\/wp-json\/wp\/v2\/pages\/2625\/revisions\/2649"}],"wp:attachment":[{"href":"https:\/\/www.fundacionidiomas.eus\/eu\/wp-json\/wp\/v2\/media?parent=2625"}],"curies":[{"name":"wp","href":"https:\/\/api.w.org\/{rel}","templated":true}]}}